{"id":382,"date":"2024-01-19T12:54:12","date_gmt":"2024-01-19T17:54:12","guid":{"rendered":"https:\/\/valdessources.ca\/125\/?page_id=382"},"modified":"2024-01-25T10:11:04","modified_gmt":"2024-01-25T15:11:04","slug":"concours","status":"publish","type":"page","link":"https:\/\/valdessources.ca\/125\/concours\/","title":{"rendered":"Concours du 125e"},"content":{"rendered":"\t\t<div data-elementor-type=\"wp-page\" data-elementor-id=\"382\" class=\"elementor elementor-382\" data-elementor-post-type=\"page\">\n\t\t\t\t<div class=\"elementor-element elementor-element-a55bcdd e-con-full e-flex e-con e-parent\" data-id=\"a55bcdd\" data-element_type=\"container\" data-e-type=\"container\" data-settings=\"{&quot;jet_parallax_layout_list&quot;:[]}\">\n\t\t\t\t<div class=\"elementor-element elementor-element-1bec81c elementor-skin-carousel elementor-arrows-yes elementor-widget elementor-widget-media-carousel\" data-id=\"1bec81c\" data-element_type=\"widget\" data-e-type=\"widget\" data-settings=\"{&quot;slides_per_view&quot;:&quot;5&quot;,&quot;autoplay_speed&quot;:4000,&quot;skin&quot;:&quot;carousel&quot;,&quot;effect&quot;:&quot;slide&quot;,&quot;show_arrows&quot;:&quot;yes&quot;,&quot;speed&quot;:500,&quot;autoplay&quot;:&quot;yes&quot;,&quot;loop&quot;:&quot;yes&quot;,&quot;pause_on_interaction&quot;:&quot;yes&quot;,&quot;space_between&quot;:{&quot;unit&quot;:&quot;px&quot;,&quot;size&quot;:10,&quot;sizes&quot;:[]},&quot;space_between_laptop&quot;:{&quot;unit&quot;:&quot;px&quot;,&quot;size&quot;:10,&quot;sizes&quot;:[]},&quot;space_between_tablet&quot;:{&quot;unit&quot;:&quot;px&quot;,&quot;size&quot;:10,&quot;sizes&quot;:[]},&quot;space_between_mobile&quot;:{&quot;unit&quot;:&quot;px&quot;,&quot;size&quot;:10,&quot;sizes&quot;:[]}}\" data-widget_type=\"media-carousel.default\">\n\t\t\t\t<div class=\"elementor-widget-container\">\n\t\t\t\t\t\t\t\t\t<div class=\"elementor-swiper\">\n\t\t\t\t\t<div class=\"elementor-main-swiper swiper\" role=\"region\" aria-roledescription=\"carousel\" aria-label=\"Diapositives\">\n\t\t\t\t<div class=\"swiper-wrapper\">\n\t\t\t\t\t\t\t\t\t\t\t<div class=\"swiper-slide\" role=\"group\" aria-roledescription=\"slide\">\n\t\t\t\t\t\t\t\t\t<div class=\"elementor-carousel-image\" role=\"img\" aria-label=\"339780318_960542464956777_4255060150968885804_n\" style=\"background-image: url(&#039;https:\/\/valdessources.ca\/125\/wp-content\/uploads\/2024\/01\/339780318_960542464956777_4255060150968885804_n.jpg&#039;)\">\n\n\t\t\t\n\t\t\t\t\t<\/div>\n\t\t\t\t\t\t\t\t<\/div>\n\t\t\t\t\t\t\t\t\t\t\t<div class=\"swiper-slide\" role=\"group\" aria-roledescription=\"slide\">\n\t\t\t\t\t\t\t\t\t<div class=\"elementor-carousel-image\" role=\"img\" aria-label=\"1977373_934096579968128_6620135038980586119_n\" style=\"background-image: url(&#039;https:\/\/valdessources.ca\/125\/wp-content\/uploads\/2024\/01\/1977373_934096579968128_6620135038980586119_n.jpg&#039;)\">\n\n\t\t\t\n\t\t\t\t\t<\/div>\n\t\t\t\t\t\t\t\t<\/div>\n\t\t\t\t\t\t\t\t\t\t\t<div class=\"swiper-slide\" role=\"group\" aria-roledescription=\"slide\">\n\t\t\t\t\t\t\t\t\t<div class=\"elementor-carousel-image\" role=\"img\" aria-label=\"316405510_5369531119841093_3870382209347096372_n\" style=\"background-image: url(&#039;https:\/\/valdessources.ca\/125\/wp-content\/uploads\/2024\/01\/316405510_5369531119841093_3870382209347096372_n.jpg&#039;)\">\n\n\t\t\t\n\t\t\t\t\t<\/div>\n\t\t\t\t\t\t\t\t<\/div>\n\t\t\t\t\t\t\t\t\t\t\t<div class=\"swiper-slide\" role=\"group\" aria-roledescription=\"slide\">\n\t\t\t\t\t\t\t\t\t<div class=\"elementor-carousel-image\" role=\"img\" aria-label=\"72962_522724427750333_1977973931_n\" style=\"background-image: url(&#039;https:\/\/valdessources.ca\/125\/wp-content\/uploads\/2024\/01\/72962_522724427750333_1977973931_n.jpg&#039;)\">\n\n\t\t\t\n\t\t\t\t\t<\/div>\n\t\t\t\t\t\t\t\t<\/div>\n\t\t\t\t\t\t\t\t\t\t\t<div class=\"swiper-slide\" role=\"group\" aria-roledescription=\"slide\">\n\t\t\t\t\t\t\t\t\t<div class=\"elementor-carousel-image\" role=\"img\" aria-label=\"564323_287334591362248_2069282139_n\" style=\"background-image: url(&#039;https:\/\/valdessources.ca\/125\/wp-content\/uploads\/2024\/01\/564323_287334591362248_2069282139_n.jpg&#039;)\">\n\n\t\t\t\n\t\t\t\t\t<\/div>\n\t\t\t\t\t\t\t\t<\/div>\n\t\t\t\t\t\t\t\t\t\t\t<div class=\"swiper-slide\" role=\"group\" aria-roledescription=\"slide\">\n\t\t\t\t\t\t\t\t\t<div class=\"elementor-carousel-image\" role=\"img\" aria-label=\"10357788_10153916294016182_5787447194891913730_o\" style=\"background-image: url(&#039;https:\/\/valdessources.ca\/125\/wp-content\/uploads\/2024\/01\/10357788_10153916294016182_5787447194891913730_o.jpg&#039;)\">\n\n\t\t\t\n\t\t\t\t\t<\/div>\n\t\t\t\t\t\t\t\t<\/div>\n\t\t\t\t\t\t\t\t\t\t\t<div class=\"swiper-slide\" role=\"group\" aria-roledescription=\"slide\">\n\t\t\t\t\t\t\t\t\t<div class=\"elementor-carousel-image\" role=\"img\" aria-label=\"20663642_10156030101334769_160486582215351241_n\" style=\"background-image: url(&#039;https:\/\/valdessources.ca\/125\/wp-content\/uploads\/2024\/01\/20663642_10156030101334769_160486582215351241_n.jpg&#039;)\">\n\n\t\t\t\n\t\t\t\t\t<\/div>\n\t\t\t\t\t\t\t\t<\/div>\n\t\t\t\t\t\t\t\t\t\t\t<div class=\"swiper-slide\" role=\"group\" aria-roledescription=\"slide\">\n\t\t\t\t\t\t\t\t\t<div class=\"elementor-carousel-image\" role=\"img\" aria-label=\"250802892_3056141441317254_131803116279230492_n\" style=\"background-image: url(&#039;https:\/\/valdessources.ca\/125\/wp-content\/uploads\/2024\/01\/250802892_3056141441317254_131803116279230492_n.jpg&#039;)\">\n\n\t\t\t\n\t\t\t\t\t<\/div>\n\t\t\t\t\t\t\t\t<\/div>\n\t\t\t\t\t\t\t\t\t\t\t<div class=\"swiper-slide\" role=\"group\" aria-roledescription=\"slide\">\n\t\t\t\t\t\t\t\t\t<div class=\"elementor-carousel-image\" role=\"img\" aria-label=\"270058227_4754043344642633_7355140014718963864_n\" style=\"background-image: url(&#039;https:\/\/valdessources.ca\/125\/wp-content\/uploads\/2024\/01\/270058227_4754043344642633_7355140014718963864_n.jpg&#039;)\">\n\n\t\t\t\n\t\t\t\t\t<\/div>\n\t\t\t\t\t\t\t\t<\/div>\n\t\t\t\t\t\t\t\t\t\t\t<div class=\"swiper-slide\" role=\"group\" aria-roledescription=\"slide\">\n\t\t\t\t\t\t\t\t\t<div class=\"elementor-carousel-image\" role=\"img\" aria-label=\"358528868_9575424875863090_2438701545415931999_n\" style=\"background-image: url(&#039;https:\/\/valdessources.ca\/125\/wp-content\/uploads\/2024\/01\/358528868_9575424875863090_2438701545415931999_n.jpg&#039;)\">\n\n\t\t\t\n\t\t\t\t\t<\/div>\n\t\t\t\t\t\t\t\t<\/div>\n\t\t\t\t\t\t\t\t\t<\/div>\n\t\t\t\t\t\t\t\t\t\t\t\t\t\t\t<div class=\"elementor-swiper-button elementor-swiper-button-prev\" role=\"button\" tabindex=\"0\" aria-label=\"Pr\u00e9c\u00e9dent\">\n\t\t\t\t\t\t\t<svg aria-hidden=\"true\" class=\"e-font-icon-svg e-eicon-chevron-left\" viewBox=\"0 0 1000 1000\" xmlns=\"http:\/\/www.w3.org\/2000\/svg\"><path d=\"M646 125C629 125 613 133 604 142L308 442C296 454 292 471 292 487 292 504 296 521 308 533L604 854C617 867 629 875 646 875 663 875 679 871 692 858 704 846 713 829 713 812 713 796 708 779 692 767L438 487 692 225C700 217 708 204 708 187 708 171 704 154 692 142 675 129 663 125 646 125Z\"><\/path><\/svg>\t\t\t\t\t\t<\/div>\n\t\t\t\t\t\t<div class=\"elementor-swiper-button elementor-swiper-button-next\" role=\"button\" tabindex=\"0\" aria-label=\"Suivant\">\n\t\t\t\t\t\t\t<svg aria-hidden=\"true\" class=\"e-font-icon-svg e-eicon-chevron-right\" viewBox=\"0 0 1000 1000\" xmlns=\"http:\/\/www.w3.org\/2000\/svg\"><path d=\"M696 533C708 521 713 504 713 487 713 471 708 454 696 446L400 146C388 133 375 125 354 125 338 125 325 129 313 142 300 154 292 171 292 187 292 204 296 221 308 233L563 492 304 771C292 783 288 800 288 817 288 833 296 850 308 863 321 871 338 875 354 875 371 875 388 867 400 854L696 533Z\"><\/path><\/svg>\t\t\t\t\t\t<\/div>\n\t\t\t\t\t\t\t\t\t\t\t\t\t\t\t\t\t<\/div>\n\t\t\t\t<\/div>\n\t\t\t\t\t\t\t\t<\/div>\n\t\t\t\t<\/div>\n\t\t\t\t<\/div>\n\t\t<div class=\"elementor-element elementor-element-0e6821f e-flex e-con-boxed e-con e-parent\" data-id=\"0e6821f\" data-element_type=\"container\" data-e-type=\"container\" data-settings=\"{&quot;jet_parallax_layout_list&quot;:[]}\">\n\t\t\t\t\t<div class=\"e-con-inner\">\n\t\t\t\t<div class=\"elementor-element elementor-element-caae413 elementor-widget elementor-widget-text-editor\" data-id=\"caae413\" data-element_type=\"widget\" data-e-type=\"widget\" data-widget_type=\"text-editor.default\">\n\t\t\t\t<div class=\"elementor-widget-container\">\n\t\t\t\t\t\t\t\t\t<p>Partagez-nous un souvenir pr\u00e9cieux (en mots ou en image) que vous avez de Asbestos\/Val-des-Sources! Tous les mois, nous ferons tirer un prix parmi tous les participants.<\/p>\t\t\t\t\t\t\t\t<\/div>\n\t\t\t\t<\/div>\n\t\t\t\t\t<\/div>\n\t\t\t\t<\/div>\n\t\t<div class=\"elementor-element elementor-element-3e1ea59 e-flex e-con-boxed e-con e-parent\" data-id=\"3e1ea59\" data-element_type=\"container\" data-e-type=\"container\" data-settings=\"{&quot;jet_parallax_layout_list&quot;:[]}\">\n\t\t\t\t\t<div class=\"e-con-inner\">\n\t\t\t\t<div class=\"elementor-element elementor-element-c10b825 elementor-widget elementor-widget-jet-engine-booking-form\" data-id=\"c10b825\" data-element_type=\"widget\" data-e-type=\"widget\" data-widget_type=\"jet-engine-booking-form.default\">\n\t\t\t\t<div class=\"elementor-widget-container\">\n\t\t\t\t\t<form  class=\"jet-form layout-column submit-type-reload\" action=\"\/125\/wp-json\/wp\/v2\/pages\/382?jet_engine_action=book&#038;nocache=1777292163\" method=\"POST\" data-form-id=\"388\"><input class=\"jet-form__field hidden-field\" type=\"hidden\" name=\"_jet_engine_booking_form_id\" value=\"388\" data-field-name=\"_jet_engine_booking_form_id\"><input class=\"jet-form__field hidden-field\" type=\"hidden\" name=\"_jet_engine_refer\" value=\"https:\/\/valdessources.ca\/125\/wp-json\/wp\/v2\/pages\/382\" data-field-name=\"_jet_engine_refer\"><div  class=\"jet-form-row jet-form-row--hidden\"><div class=\"jet-form-col jet-form-col-12  field-type-hidden  jet-form-field-container\" data-field=\"post_id\" data-conditional=\"false\"><input class=\"jet-form__field hidden-field\" type=\"hidden\" name=\"post_id\" value=\"382\" data-field-name=\"post_id\"><\/div><\/div><div  class=\"jet-form-row jet-form-row--first-visible\"><div class=\"jet-form-col jet-form-col-12  field-type-text  jet-form-field-container\" data-field=\"prenom_nom\" data-conditional=\"false\"><input class=\"jet-form__field text-field \" placeholder=\"Pr\u00e9nom et nom\" value=\"\" required=\"required\" name=\"prenom_nom\" id=\"prenom_nom\" type=\"text\" data-field-name=\"prenom_nom\"><\/div><\/div><div  class=\"jet-form-row\"><div class=\"jet-form-col jet-form-col-12  field-type-text  jet-form-field-container\" data-field=\"courriel\" data-conditional=\"false\"><input class=\"jet-form__field text-field \" placeholder=\"Adresse courriel\" value=\"\" required=\"required\" name=\"courriel\" id=\"courriel\" type=\"text\" data-field-name=\"courriel\"><\/div><\/div><div  class=\"jet-form-row\"><div class=\"jet-form-col jet-form-col-12  field-type-text  jet-form-field-container\" data-field=\"telephone\" data-conditional=\"false\"><input class=\"jet-form__field text-field \" placeholder=\"T\u00e9l\u00e9phone\" value=\"\" required=\"required\" name=\"telephone\" id=\"telephone\" type=\"text\" data-field-name=\"telephone\"><\/div><\/div><div  class=\"jet-form-row\"><div class=\"jet-form-col jet-form-col-12  field-type-textarea  jet-form-field-container\" data-field=\"anecdote\" data-conditional=\"false\"><textarea class=\"jet-form__field textarea-field\" placeholder=\"Racontez-nous une anecdote qui est vous est ch\u00e8re par rapport \u00e0 la ville de Asbestos\/Val-des-Sources\" required=\"required\" name=\"anecdote\" data-field-name=\"anecdote\" id=\"anecdote\"><\/textarea><\/div><\/div><div  class=\"jet-form-row\"><div class=\"jet-form-col jet-form-col-12  field-type-media  jet-form-field-container\" data-field=\"Photo\" data-conditional=\"false\"><div class=\"jet-form__label\">\n\t<span class=\"jet-form__label-text\" >Photo - Partagez-nous un souvenir de votre ville en photo!<\/span>\n\t<\/div><div class=\"jet-engine-file-upload\">\n\t<div class=\"jet-engine-file-upload__content\">\n\t\t<div class=\"jet-engine-file-upload__loader\"><svg xmlns=\"http:\/\/www.w3.org\/2000\/svg\" width=\"38\" height=\"38\" viewBox=\"0 0 38 38\" stroke=\"#fff\"><g fill=\"none\" fill-rule=\"evenodd\"><g transform=\"translate(1 1)\" stroke-width=\"2\"><circle stroke-opacity=\".5\" cx=\"18\" cy=\"18\" r=\"18\"\/><path d=\"M36 18c0-9.94-8.06-18-18-18\" transform=\"rotate(137.826 18 18)\"><animateTransform attributeName=\"transform\" type=\"rotate\" from=\"0 18 18\" to=\"360 18 18\" dur=\"1s\" repeatCount=\"indefinite\"\/><\/path><\/g><\/g><\/svg><\/div>\t\t<div class=\"jet-engine-file-upload__files\"  data-args=\"{&quot;max_files&quot;:&quot;1&quot;,&quot;insert_attachment&quot;:false,&quot;value_format&quot;:&quot;url&quot;}\"><\/div>\n\t<\/div>\n\t<div class=\"jet-engine-file-upload__fields\">\n\t\t<input class=\"jet-form__field jet-engine-file-upload__value\" type=\"hidden\" name=\"Photo\" data-field-name=\"Photo\" value=\"\" >\n\t\t<input class=\"jet-form__field file-field jet-engine-file-upload__input\" name=\"Photo_input\" type=\"file\" data-form_id=\"388\" data-field=\"Photo\" id=\"Photo\" data-max_files=\"1\" multiple=\"1\" accept=\"image\/jpeg,image\/png\" data-max_size=\"5242880\">\n\t<\/div>\n\t<div class=\"jet-engine-file-upload__message\"><small>Maximum file size: 5 Mo<\/small><\/div>\n\t<div class=\"jet-engine-file-upload__errors is-hidden\"><\/div>\n<\/div><\/div><\/div><div  class=\"jet-form-row\"><div class=\"jet-form-col jet-form-col-12  field-type-checkboxes  jet-form-field-container\" data-field=\"consentement\" data-conditional=\"false\"><div class=\"jet-form__fields-group checkradio-wrap\">\t\t<div class=\"jet-form__field-wrap checkboxes-wrap checkradio-wrap\">\n\t\t\t\t\t\t<label class=\"jet-form__field-label\">\n\t\t\t\t<input\n\t\t\t\t\ttype=\"checkbox\"\n\t\t\t\t\tname=\"consentement\"\n\t\t\t\t\tclass=\"jet-form__field checkboxes-field checkradio-field checkboxes-required\"\n\t\t\t\t\tvalue=\"Oui, je consens \u00e0 recevoir par courriel les futures communications\"\n\t\t\t\t\tdata-field-name=\"consentement\"\n\t\t\t\t\t\t\t\t\t\trequired=\"required\"\t\t\t\t\t\t\t\t\t>\n\t\t\t\tEn cochant cette case, je consens \u00e0 recevoir par courriel les futures communications concernant les festivit\u00e9s du 125e.\t\t\t<\/label>\n\t\t<\/div>\n\t\t<\/div><\/div><\/div><div  class=\"jet-form-row jet-form-row--submit\"><div class=\"jet-form-col jet-form-col-12  field-type-submit  jet-form-field-container\" data-field=\"Submit\" data-conditional=\"false\"><div class=\"jet-form__submit-wrap\">\n\t\t<button class=\"jet-form__submit submit-type-reload\" type=\"submit\">Envoyer<\/button>\n<\/div><\/div><\/div><input class=\"jet-form__field hidden-field\" type=\"hidden\" name=\"_jet_engine_nonce\" value=\"142b07ffe9\" data-field-name=\"_jet_engine_nonce\"><\/form>\t\t\t\t<\/div>\n\t\t\t\t<\/div>\n\t\t\t\t\t<\/div>\n\t\t\t\t<\/div>\n\t\t\t\t<\/div>\n\t\t","protected":false},"excerpt":{"rendered":"<p>Pr\u00e9c\u00e9dent Suivant Partagez-nous un souvenir pr\u00e9cieux (en mots ou en image) que vous avez de Asbestos\/Val-des-Sources! Tous les mois, nous ferons tirer un prix parmi tous les participants. Photo &#8211; Partagez-nous un souvenir de votre ville en photo! Maximum file size: 256 Mo En cochant cette case, je consens \u00e0 recevoir par courriel les futures [&hellip;]<\/p>\n","protected":false},"author":1,"featured_media":0,"parent":0,"menu_order":0,"comment_status":"closed","ping_status":"closed","template":"","meta":{"footnotes":""},"class_list":["post-382","page","type-page","status-publish","hentry"],"_links":{"self":[{"href":"https:\/\/valdessources.ca\/125\/wp-json\/wp\/v2\/pages\/382","targetHints":{"allow":["GET"]}}],"collection":[{"href":"https:\/\/valdessources.ca\/125\/wp-json\/wp\/v2\/pages"}],"about":[{"href":"https:\/\/valdessources.ca\/125\/wp-json\/wp\/v2\/types\/page"}],"author":[{"embeddable":true,"href":"https:\/\/valdessources.ca\/125\/wp-json\/wp\/v2\/users\/1"}],"replies":[{"embeddable":true,"href":"https:\/\/valdessources.ca\/125\/wp-json\/wp\/v2\/comments?post=382"}],"version-history":[{"count":25,"href":"https:\/\/valdessources.ca\/125\/wp-json\/wp\/v2\/pages\/382\/revisions"}],"predecessor-version":[{"id":522,"href":"https:\/\/valdessources.ca\/125\/wp-json\/wp\/v2\/pages\/382\/revisions\/522"}],"wp:attachment":[{"href":"https:\/\/valdessources.ca\/125\/wp-json\/wp\/v2\/media?parent=382"}],"curies":[{"name":"wp","href":"https:\/\/api.w.org\/{rel}","templated":true}]}}